{"id":1041,"date":"2020-02-21T14:09:22","date_gmt":"2020-02-21T14:09:22","guid":{"rendered":"https:\/\/cademartech.ro\/?post_type=product&#038;p=1041"},"modified":"2020-02-21T14:09:43","modified_gmt":"2020-02-21T14:09:43","slug":"scanner-motorola-symbol-ls9208-vertical-mobil","status":"publish","type":"product","link":"https:\/\/cademartech.ro\/index.php\/produs\/scanner-motorola-symbol-ls9208-vertical-mobil\/","title":{"rendered":"Scanner Motorola Symbol LS9208 vertical mobil"},"content":{"rendered":"<p>Cititorul Motorola Symbol LS9208 realizeaz\u0103 o scanare omnidirec\u021bionala, fiind proiectat pentru utilizare manual\u0103 sau hands-free datorit\u0103 stativului mobil reglabil pe vertical\u0103.<\/p>\n<ul>\n<li>Este ideal pentru opera\u021biuni de retail \u0219i \u00een institu\u021bii care necesit\u0103 o colectare de \u00eenalt\u0103 precizie a datelor.<\/li>\n<li>Durabilitatea, dimensiunile reduse \u0219i designul ergonomic recomand\u0103 cititorul de coduri de bare pentru o utilizare \u00een mediile de lucru \u00eenguste, cu libertate de mi\u0219care redus\u0103.<\/li>\n<\/ul>\n","protected":false},"excerpt":{"rendered":"<p>Scanner vertical cu stativ mobil pentru citire coduri de bare (produs recondi\u021bionat)<\/p>\n","protected":false},"featured_media":1044,"template":"","meta":[],"product_cat":[59],"product_tag":[],"_links":{"self":[{"href":"https:\/\/cademartech.ro\/index.php\/wp-json\/wp\/v2\/product\/1041"}],"collection":[{"href":"https:\/\/cademartech.ro\/index.php\/wp-json\/wp\/v2\/product"}],"about":[{"href":"https:\/\/cademartech.ro\/index.php\/wp-json\/wp\/v2\/types\/product"}],"wp:featuredmedia":[{"embeddable":true,"href":"https:\/\/cademartech.ro\/index.php\/wp-json\/wp\/v2\/media\/1044"}],"wp:attachment":[{"href":"https:\/\/cademartech.ro\/index.php\/wp-json\/wp\/v2\/media?parent=1041"}],"wp:term":[{"taxonomy":"product_cat","embeddable":true,"href":"https:\/\/cademartech.ro\/index.php\/wp-json\/wp\/v2\/product_cat?post=1041"},{"taxonomy":"product_tag","embeddable":true,"href":"https:\/\/cademartech.ro\/index.php\/wp-json\/wp\/v2\/product_tag?post=1041"}],"curies":[{"name":"wp","href":"https:\/\/api.w.org\/{rel}","templated":true}]}}