{"id":1042,"date":"2020-02-21T14:07:50","date_gmt":"2020-02-21T14:07:50","guid":{"rendered":"https:\/\/cademartech.ro\/?post_type=product&#038;p=1042"},"modified":"2020-02-21T14:08:04","modified_gmt":"2020-02-21T14:08:04","slug":"scanner-honeywell-voyager-1400g-manual","status":"publish","type":"product","link":"https:\/\/cademartech.ro\/index.php\/produs\/scanner-honeywell-voyager-1400g-manual\/","title":{"rendered":"Scanner Honeywell Voyager 1400g manual"},"content":{"rendered":"<p>Ideal pentru cre\u0219terea semnificativ\u0103 a productivit\u0103\u021bii, cu acest cititor de coduri de bare pute\u021bi atinge\u021bi viteze de scanare echivalente tehnologiei laser. Acesta scaneaz\u0103 codurile de bare \u00een mod omnidirec\u021bional, economisind astfel timpul petrecut \u00een mod obi\u0219nuit pentru \u00eentinderea codurilor individuale. Indiferent dac\u0103 este citit de pe etichete sau de pe afi\u0219aje, cititorul cite\u0219te codurile de bare rapid \u0219i fiabil.<\/p>\n<p>Datorit\u0103 formei sale ergonomice, Voyager st\u0103 confortabil \u00een m\u00e2n\u0103. Cu o greutate de doar 119 grame, permite func\u021bionarea neobosit\u0103. Carcasa sa este robust\u0103 \u0219i u\u0219or rezist\u0103 chiar \u0219i c\u0103derilor repetate pe pardoseli din beton dur, dintr-o \u00een\u0103l\u021bime medie de 1,5 metri. Este certificat IP42, ceea ce \u00eenseamn\u0103 c\u0103 Voyager 1400g rezist\u0103 de asemenea prafului \u0219i apei de stropi. Cu interfa\u021ba standard multi-interfa\u021b\u0103 ve\u021bi primi o varietate complet\u0103 de conexiuni: interfe\u021bele USB, KBW, RS232 \u0219i RS485 sunt integrate direct din fabric\u0103.<\/p>\n","protected":false},"excerpt":{"rendered":"<p>Scanner manual pentru citire coduri bare \u00een magazine medii \u0219i mari (produs nou)<\/p>\n","protected":false},"featured_media":1043,"template":"","meta":[],"product_cat":[59],"product_tag":[],"_links":{"self":[{"href":"https:\/\/cademartech.ro\/index.php\/wp-json\/wp\/v2\/product\/1042"}],"collection":[{"href":"https:\/\/cademartech.ro\/index.php\/wp-json\/wp\/v2\/product"}],"about":[{"href":"https:\/\/cademartech.ro\/index.php\/wp-json\/wp\/v2\/types\/product"}],"wp:featuredmedia":[{"embeddable":true,"href":"https:\/\/cademartech.ro\/index.php\/wp-json\/wp\/v2\/media\/1043"}],"wp:attachment":[{"href":"https:\/\/cademartech.ro\/index.php\/wp-json\/wp\/v2\/media?parent=1042"}],"wp:term":[{"taxonomy":"product_cat","embeddable":true,"href":"https:\/\/cademartech.ro\/index.php\/wp-json\/wp\/v2\/product_cat?post=1042"},{"taxonomy":"product_tag","embeddable":true,"href":"https:\/\/cademartech.ro\/index.php\/wp-json\/wp\/v2\/product_tag?post=1042"}],"curies":[{"name":"wp","href":"https:\/\/api.w.org\/{rel}","templated":true}]}}