{"id":3325,"date":"2022-06-21T08:53:38","date_gmt":"2022-06-21T08:53:38","guid":{"rendered":"https:\/\/cademartech.ro\/index.php\/produs\/cantar-verificare-greutate-cely-ps50-3kg\/"},"modified":"2022-06-30T15:37:14","modified_gmt":"2022-06-30T12:37:14","slug":"cantar-verificare-greutate-cely-ps50-3kg","status":"publish","type":"product","link":"https:\/\/cademartech.ro\/index.php\/produs\/cantar-verificare-greutate-cely-ps50-3kg\/","title":{"rendered":"Cantar verificare greutate Cely PS50 3kg"},"content":{"rendered":"<p>Descriere <a href=\"https:\/\/cronosevolution.ro\/cantare-verificare-masa\/\" target=\"_blank\" rel=\"noopener\">cantar verificare<\/a> CELY PS50 \u2013 3KG :<br \/>\n\u2013 Cantar pentru verificarea masei produselor ;<br \/>\n\u2013 2 afisaje LCD luminate : unul pentru client si unul pentru vanzator ;<br \/>\n\u2013 tastatura protejata impotriva patrunderii accidentale a apei si socurilor mecanice<br \/>\n\u2013 platan din inox necesar in industria alimentara.<br \/>\nVerificare metrologica valabila 12 luni ;<br \/>\nAcumulator integrat cu timp de func\u021bionare de aprox. 70 de ore cu bateria complet \u00eenc\u0103rcat\u0103 sau afi\u0219ajul iluminat oprit, \u00een func\u021bie de condi\u021biile de utilizare .<\/p>\n<p>FUNC\u021aII: c\u00e2nt\u0103rire ,tar\u0103 , aducere la zero , oprire automata , conversie unitate de masura<br \/>\nCapacitate maxima cantarire : 3 kg<br \/>\nPrecizie \/ Diviziune : 1 gr<br \/>\nConstructie : Structur\u0103 \u0219i carcas\u0103 din ABS plastic rezistent<br \/>\nPlatan inox nedeformabil<br \/>\nTastatur\u0103 cu 3 taste<br \/>\nAfi\u0219aj LCD iluminat 5 digiti, cu \u00een\u0103l\u021bimea de 20 mm<br \/>\nAlimentare : la priz\u0103 cu adaptor 12V\/500mA \u0219i acumulator integrat 6V\/4 Ah.<br \/>\nDimensiune platan 230 x 190 mm,<br \/>\nDimensiune c\u00e2ntar: 235 x 240 x 130 mm<br \/>\nGreutate produs : 4.5kg<\/p>\n","protected":false},"excerpt":{"rendered":"<p>Cantarul de verificare Cely PS50 3KG este un cantar de verificare recomandat pentru restaurante, fast-food, laboratoare sau pentru orice alta activitate ce necesita o cantarire precisa a produselor .<br \/>\nCantarul de verificare Cely PS50 este un produs compact cu structura din plastic ABS rezistent si usor de intretinut si platan din inox.Cele 2 afisaje luminate asigura o buna vizibilitate a cantaririlor atat pentru vanzator cat si pentru client .<br \/>\nEste prevazut in configuratia initiala cu alimentare dubla, la priza si cu acumulator integrat, acesta oferind cantarului o autonomie de pana la 70 de ore .<br \/>\nCantarul de verificare CELY PS50 3KG are garantie si verificare metrologica initiala pentru 12 luni .<\/p>\n","protected":false},"featured_media":3323,"template":"","meta":[],"product_cat":[56,85,78],"product_tag":[],"_links":{"self":[{"href":"https:\/\/cademartech.ro\/index.php\/wp-json\/wp\/v2\/product\/3325"}],"collection":[{"href":"https:\/\/cademartech.ro\/index.php\/wp-json\/wp\/v2\/product"}],"about":[{"href":"https:\/\/cademartech.ro\/index.php\/wp-json\/wp\/v2\/types\/product"}],"wp:featuredmedia":[{"embeddable":true,"href":"https:\/\/cademartech.ro\/index.php\/wp-json\/wp\/v2\/media\/3323"}],"wp:attachment":[{"href":"https:\/\/cademartech.ro\/index.php\/wp-json\/wp\/v2\/media?parent=3325"}],"wp:term":[{"taxonomy":"product_cat","embeddable":true,"href":"https:\/\/cademartech.ro\/index.php\/wp-json\/wp\/v2\/product_cat?post=3325"},{"taxonomy":"product_tag","embeddable":true,"href":"https:\/\/cademartech.ro\/index.php\/wp-json\/wp\/v2\/product_tag?post=3325"}],"curies":[{"name":"wp","href":"https:\/\/api.w.org\/{rel}","templated":true}]}}