{"id":3585,"date":"2022-06-25T14:59:33","date_gmt":"2022-06-25T14:59:33","guid":{"rendered":"https:\/\/cademartech.ro\/index.php\/produs\/cantar-cu-etichetare-t-scale-pe7-15k-mr-wifi-15kg-cu-display-client-avizat-metrologic\/"},"modified":"2022-06-30T15:37:06","modified_gmt":"2022-06-30T12:37:06","slug":"cantar-cu-etichetare-t-scale-pe7-15k-mr-wifi-15kg-cu-display-client-avizat-metrologic","status":"publish","type":"product","link":"https:\/\/cademartech.ro\/index.php\/produs\/cantar-cu-etichetare-t-scale-pe7-15k-mr-wifi-15kg-cu-display-client-avizat-metrologic\/","title":{"rendered":"Cantar cu etichetare T-Scale PE7-15K-MR-WiFi 15Kg cu display client, avizat metrologic"},"content":{"rendered":"<div class=\"block-body expand-block\">\n<div class=\"block-wrapper\">\n<div class=\"block-content  block-description\">\n<p style=\"text-align: center\"><img src=\"https:\/\/adpos.ro\/image\/catalog\/produse\/cantare\/T-Scale PE7-15K-MR-WiFi\/cantar-cu-etichetare-t-scale-pe7-15k-mr-wifi-prezentare.jpg\" style=\"width: 1150px\"><\/p>\n<p style=\"text-align: left\"><b>C\u00e2ntarul cu etichetare PE7-15K-MR-WiFi<\/b>&nbsp;de la produc\u0103torul Taiwanez T-Scale, se potrive\u0219te perfect \u00een punctele comerciale sau pentru autoservire, T-Scale ofer\u0103 calitate \u00eenalt\u0103. Platanul este confec\u021bionat din o\u021bel inoxidabil ce permite u\u0219or de \u00eentre\u021binut \u0219i cur\u0103\u021bat.&nbsp; C\u00e2ntarul este echipat cu dou\u0103 ecrane colore, unul tactil pentru operator si al doilea pentru client.<\/p>\n<p style=\"text-align: left\"><\/p>\n<hr>\n<p style=\"text-align: left\"><\/p>\n<p style=\"text-align: left\"><b>Caracteristici de baz\u0103:<\/b><\/p>\n<ul>\n<li style=\"text-align: left\">Afi\u0219aj operator: Touch Rezistiv, LCD Color, 7\u201d;<\/li>\n<li style=\"text-align: left\">Afi\u0219aj client: LCD Color, 7\u201d;<\/li>\n<li style=\"text-align: left\">Procesor: Cortex A9 Dual Core, 1.2 Ghz;<\/li>\n<li style=\"text-align: left\">Memorie operativ\u0103: 1 Gb;<\/li>\n<li style=\"text-align: left\">Memorie Flash: 1 Gb;<\/li>\n<li style=\"text-align: left\">Butoane pentru comenzi: 15;<\/li>\n<li style=\"text-align: left\">Sistem de operare: Linux;<\/li>\n<li style=\"text-align: left\">Carcas\u0103 confenc\u021bionat\u0103 din mas\u0103 plastic\u0103 (ABS);<\/li>\n<li style=\"text-align: left\">Temperatura de operare: 0+40 \u2103;<\/li>\n<li style=\"text-align: left\">TTC Back Office Software Management.<\/li>\n<\/ul>\n<p style=\"text-align: left\"><\/p>\n<hr>\n<p><\/p>\n<p><b>Avantaje:<\/b><\/p>\n<ul>\n<li style=\"text-align: left\">Afi\u0219aj mare pentru operator \u0219i client;<\/li>\n<\/ul>\n<p style=\"text-align: center\"><img src=\"https:\/\/adpos.ro\/image\/catalog\/produse\/cantare\/T-Scale%20PE7-15K-MR-WiFi\/cantar-cu-etichetare-t-scale-pe7-15k-mr-wifi-prezentare-operator.jpg\" style=\"width: 300px\">&nbsp;<img src=\"https:\/\/adpos.ro\/image\/catalog\/produse\/cantare\/T-Scale%20PE7-15K-MR-WiFi\/cantar-cu-etichetare-t-scale-pe7-15k-mr-wifi-prezentare-client.jpg\" style=\"width: 300px\"><\/p>\n<p style=\"text-align: center\"><\/p>\n<ul>\n<li style=\"text-align: left\">\u00cenlocuire rapid\u0103 \u0219i comod\u0103 a rolei cu etichete;<\/li>\n<\/ul>\n<p style=\"text-align: center\"><img src=\"https:\/\/adpos.ro\/image\/catalog\/produse\/cantare\/T-Scale%20PE7-15K-MR-WiFi\/cantar-cu-etichetare-t-scale-pe7-15k-mr-wifi-prezentare-caseta.jpg\" style=\"width: 1150px\"><\/p>\n<p style=\"text-align: center\"><\/p>\n<ul>\n<li style=\"text-align: left\">Administrare de la distan\u021b\u0103, redactare produse, import\/export produse, vizualizare date statistice;<\/li>\n<\/ul>\n<p style=\"text-align: center\"><img src=\"https:\/\/adpos.ro\/image\/catalog\/produse\/cantare\/T-Scale PE7-15K-MR-WiFi\/cantar-cu-etichetare-t-scale-pe7-15k-mr-wifi-prezentare-ethernet.jpg\" style=\"width: 1150px\"><\/p>\n<p style=\"text-align: center\"><\/p>\n<ul>\n<li style=\"text-align: left\">Poate fi utilizat \u00een pie\u021be, magazine, puncte de autoservire.<\/li>\n<\/ul>\n<p style=\"text-align: center\"><img src=\"https:\/\/adpos.ro\/image\/catalog\/produse\/cantare\/T-Scale PE7-15K-MR-WiFi\/cantar-cu-etichetare-t-scale-pe7-15k-mr-wifi-prezentare-utilizare.jpg\" style=\"width: 1150px\"><\/p>\n<p style=\"text-align: center\"><\/p>\n<hr>\n<p style=\"text-align: left\"><\/p>\n<p style=\"text-align: left\"><b>Imprimant\u0103:<\/b><\/p>\n<ul>\n<li style=\"text-align: left\">Viteza de imprimare: 100 mm\/s;<\/li>\n<li style=\"text-align: left\">Rezolu\u021bie imprimare: 203 dpi;<\/li>\n<li style=\"text-align: left\">L\u0103\u021bimea zonei imprimabile: 50 mm;<\/li>\n<li style=\"text-align: left\">Resurs cap de printare: 150 km.<\/li>\n<\/ul>\n<p style=\"text-align: left\">&nbsp;<\/p>\n<hr>\n<p style=\"text-align: left\"><\/p>\n<p style=\"text-align: left\"><b>Articole:<\/b><\/p>\n<ul>\n<li style=\"text-align: left\">Articole programate indirect: 99999;<\/li>\n<li style=\"text-align: left\">Articole programate direct: 24.<\/li>\n<\/ul>\n<p style=\"text-align: left\"><\/p>\n<hr>\n<p style=\"text-align: left\"><\/p>\n<p style=\"text-align: left\"><b>Platan:<\/b><\/p>\n<ul>\n<li style=\"text-align: left\">Platan: Confec\u021bionat din o\u021bel inoxidabil;<\/li>\n<li style=\"text-align: left\">Dimensiuni platan: 280&#215;385 mm.<\/li>\n<\/ul>\n<p style=\"text-align: left\">&nbsp;<\/p>\n<hr>\n<p style=\"text-align: left\"><\/p>\n<p style=\"text-align: left\"><b>Interfe\u021be:<\/b><\/p>\n<ul>\n<li style=\"text-align: left\">2 x USB 2.0 (Tastatur\u0103, scaner coduri de bare, mouse);<\/li>\n<li style=\"text-align: left\">1 x MiniUSB 2.0;<\/li>\n<li style=\"text-align: left\">2 x RS232C;<\/li>\n<li style=\"text-align: left\">1 x RJ45 (Ethernet);<\/li>\n<li style=\"text-align: left\">1 x RJ11 (Sertar de bani);<\/li>\n<li style=\"text-align: left\">Modul Wireless.<\/li>\n<\/ul>\n<p style=\"text-align: center\"><img src=\"https:\/\/adpos.ro\/image\/catalog\/produse\/cantare\/T-Scale PE7-15K-MR-WiFi\/cantar-cu-etichetare-t-scale-pe7-15k-mr-wifi-prezentare-interfete.jpg\" style=\"width: 1150px\"><\/p>\n<p style=\"text-align: left\"><\/p>\n<hr>\n<p style=\"text-align: left\"><\/p>\n<p style=\"text-align: left\"><b>Consumabile:<\/b><\/p>\n<ul>\n<li style=\"text-align: left\">Tip etichete: Termic Direct (TD);<\/li>\n<li style=\"text-align: left\">L\u0103\u021bimea maxim\u0103 a etichetei; 60 mm;<\/li>\n<li style=\"text-align: left\">Lungimea maxim\u0103 a etcihetei: 180 mm.<\/li>\n<\/ul>\n<p style=\"text-align: left\"><\/p>\n<hr>\n<p style=\"text-align: left\"><\/p>\n<p style=\"text-align: left\"><b>Dimensiuni (mm):<\/b><\/p>\n<p style=\"text-align: center\"><img src=\"https:\/\/adpos.ro\/image\/catalog\/produse\/cantare\/T-Scale PE7-15K-MR-WiFi\/cantar-cu-etichetare-t-scale-pe7-15k-mr-wifi-prezentare-dimensiuni.jpg\" style=\"width: 1150px\"><\/p>\n<\/p><\/div>\n<\/p><\/div>\n<\/p><\/div>\n<div class=\"block-body expand-block\">\n<div class=\"block-wrapper\">\n<div class=\"block-content  block-attributes\">\n<div id=\"tab-specification\">\n<div class=\"table-responsive\">\n<table class=\"table table-bordered\">\n<thead>\n<tr>\n<td colspan=\"2\"><strong>Caractersitici de baz\u0103 c\u00e2ntar<\/strong><\/td>\n<\/tr>\n<\/thead>\n<tbody>\n<tr>\n<td>Tip produs<\/td>\n<td>C\u00e2ntar cu etichetare<\/td>\n<\/tr>\n<tr>\n<td>Capacitatea maxim\u0103 (kg)<\/td>\n<td>6\/15<\/td>\n<\/tr>\n<tr>\n<td>Capacitatea minim\u0103 (g)<\/td>\n<td>40<\/td>\n<\/tr>\n<tr>\n<td>Diviziune (g)<\/td>\n<td>2\/5<\/td>\n<\/tr>\n<tr>\n<td>Valoarea tarei (kg)<\/td>\n<td>6<\/td>\n<\/tr>\n<tr>\n<td>Clasa de precizie<\/td>\n<td>III<\/td>\n<\/tr>\n<tr>\n<td>Dimensiuni platan (mm)<\/td>\n<td>385&#215;280<\/td>\n<\/tr>\n<tr>\n<td>Material platan<\/td>\n<td>O\u021bel inoxidabil<\/td>\n<\/tr>\n<\/tbody>\n<thead>\n<tr>\n<td colspan=\"2\"><strong>Imprimant\u0103<\/strong><\/td>\n<\/tr>\n<\/thead>\n<tbody>\n<tr>\n<td>Tip imprimant\u0103<\/td>\n<td><\/td>\n<\/tr>\n<tr>\n<td>Metoda de imprimare<\/td>\n<td>Termo direct (TD)<\/td>\n<\/tr>\n<tr>\n<td>Vitez\u0103 de imprimare (mm\/s)<\/td>\n<td>100<\/td>\n<\/tr>\n<tr>\n<td>Rezolu\u021bie imprimare (DPI)<\/td>\n<td>203<\/td>\n<\/tr>\n<tr>\n<td>Memorie<\/td>\n<td>Flash: 1Gb; RAM: 1Gb<\/td>\n<\/tr>\n<tr>\n<td>Zona imprimabil\u0103 (mm)<\/td>\n<td>L\u0103\u021bime max: 58mm; \u00cen\u0103l\u021bime max: 180mm.<\/td>\n<\/tr>\n<tr>\n<td>Auto cutter<\/td>\n<td>&#8211;<\/td>\n<\/tr>\n<\/tbody>\n<thead>\n<tr>\n<td colspan=\"2\"><strong>Afi\u0219aj<\/strong><\/td>\n<\/tr>\n<\/thead>\n<tbody>\n<tr>\n<td>Afi\u0219aj operator<\/td>\n<td>LCD Color, Touch, cu iluminare<\/td>\n<\/tr>\n<tr>\n<td>Afi\u0219aj client<\/td>\n<td>LCD, Touch, cu iluminare<\/td>\n<\/tr>\n<tr>\n<td>Bra\u021b-suport pentru afi\u0219aj<\/td>\n<td>+<\/td>\n<\/tr>\n<\/tbody>\n<thead>\n<tr>\n<td colspan=\"2\"><strong>Memorie articole (PLU)<\/strong><\/td>\n<\/tr>\n<\/thead>\n<tbody>\n<tr>\n<td>Articole programabile direct<\/td>\n<td>24<\/td>\n<\/tr>\n<tr>\n<td>Articole programabile indirect<\/td>\n<td>99999<\/td>\n<\/tr>\n<\/tbody>\n<thead>\n<tr>\n<td colspan=\"2\"><strong>Surs\u0103 de alimentare<\/strong><\/td>\n<\/tr>\n<\/thead>\n<tbody>\n<tr>\n<td>Adaptor AC\/DC<\/td>\n<td>Extern, 24V 5A<\/td>\n<\/tr>\n<tr>\n<td>Acumulator, baterie<\/td>\n<td>&#8211;<\/td>\n<\/tr>\n<\/tbody>\n<thead>\n<tr>\n<td colspan=\"2\"><strong>Caracteristici generale<\/strong><\/td>\n<\/tr>\n<\/thead>\n<tbody>\n<tr>\n<td>Num\u0103rul de butoane<\/td>\n<td>39<\/td>\n<\/tr>\n<tr>\n<td>Temperatura de operare (\u00b0C)<\/td>\n<td>0+40<\/td>\n<\/tr>\n<tr>\n<td>Interfe\u021be de conectare<\/td>\n<td>2 x USB, mini USB, 2 x RS232C, LAN, RJ11, WIFI<\/td>\n<\/tr>\n<tr>\n<td>Sistem de operare<\/td>\n<td>Linux TOS 2.0 Embedded system<\/td>\n<\/tr>\n<tr>\n<td>Acte \u0219i certificate<\/td>\n<td>CE, OIML, NTEP, CMC<\/td>\n<\/tr>\n<\/tbody>\n<\/table><\/div>\n<\/p><\/div>\n<\/p><\/div>\n<\/p><\/div>\n<\/p><\/div>\n","protected":false},"excerpt":{"rendered":"<li class=\"product-model\"><b>Model:<\/b> <span>PE7-15K-MR-WiFi<\/span><\/li>\n<li class=\"product-sku\"><b>SKU:<\/b> <span> 1352<\/span><\/li>\n<li class=\"customtext\"><b>Garantie:<\/b><span>12 luni<\/span><\/li>\n<li class=\"product-stock out-of-stock\"><b>Disponibilitate:<\/b> <span>Precomanda<\/span><\/li>\n<li class=\"product-ean\"><b>EAN:<\/b> <span>5943808033052<\/span><\/li>\n","protected":false},"featured_media":3583,"template":"","meta":[],"product_cat":[56,85,80],"product_tag":[],"_links":{"self":[{"href":"https:\/\/cademartech.ro\/index.php\/wp-json\/wp\/v2\/product\/3585"}],"collection":[{"href":"https:\/\/cademartech.ro\/index.php\/wp-json\/wp\/v2\/product"}],"about":[{"href":"https:\/\/cademartech.ro\/index.php\/wp-json\/wp\/v2\/types\/product"}],"wp:featuredmedia":[{"embeddable":true,"href":"https:\/\/cademartech.ro\/index.php\/wp-json\/wp\/v2\/media\/3583"}],"wp:attachment":[{"href":"https:\/\/cademartech.ro\/index.php\/wp-json\/wp\/v2\/media?parent=3585"}],"wp:term":[{"taxonomy":"product_cat","embeddable":true,"href":"https:\/\/cademartech.ro\/index.php\/wp-json\/wp\/v2\/product_cat?post=3585"},{"taxonomy":"product_tag","embeddable":true,"href":"https:\/\/cademartech.ro\/index.php\/wp-json\/wp\/v2\/product_tag?post=3585"}],"curies":[{"name":"wp","href":"https:\/\/api.w.org\/{rel}","templated":true}]}}