{"id":3836,"date":"2023-03-07T22:32:31","date_gmt":"2023-03-07T19:32:31","guid":{"rendered":"https:\/\/cademartech.ro\/?post_type=product&#038;p=3836"},"modified":"2023-03-07T22:32:31","modified_gmt":"2023-03-07T19:32:31","slug":"imprimanta-termica-de-sectie-sprint-203-dpi-buzzer-wifi-usb-rs232-lan","status":"publish","type":"product","link":"https:\/\/cademartech.ro\/index.php\/produs\/imprimanta-termica-de-sectie-sprint-203-dpi-buzzer-wifi-usb-rs232-lan\/","title":{"rendered":"Imprimanta termica de sectie Sprint, 203 dpi, Buzzer, WiFI, USB, RS232, LAN"},"content":{"rendered":"<div class=\"block-content  block-description\">\n<p><b>ADPOS SPRINT<\/b> este o imprimant\u0103 termic\u0103 de sec\u021bie, caracterizat\u0103 de o calitate \u00eenalt\u0103 \u0219i o vitez\u0103 mare de imprimare, stabilitate ridicat\u0103 etc.<\/p>\n<p>Poate fi utilizat\u0103 \u00een sistemele POS comerciale, \u00een industria alimentar\u0103 \u0219i \u00een scenarii care necesit\u0103 imprimarea bonurilor \u00een timp real.&nbsp;<\/p>\n<p><b>ADPOS SPRINT<\/b> se poate conecta cu alte echipamente prin interfe\u021be seriale, USB \u0219i Ethernet. Driverele de imprimant\u0103 sunt disponibile pentru sistemele de operare WINDOWS XP \/ WINDOWS 7 \/ WINDOWS 8 \/ WINDOWS 10 \/ Linux.<\/p>\n<p><\/p>\n<hr>\n<p><\/p>\n<p><b>Caracteristicile principale<\/b><\/p>\n<ol>\n<li>Zgomot redus;<\/li>\n<li>Vitez\u0103 mare de imprimare;<\/li>\n<li>\u00cenc\u0103rcare u\u0219oar\u0103 a h\u00e2rtiei;<\/li>\n<li>Suport\u0103 imprimarea \u00een modul pagin\u0103;<\/li>\n<li>Compatibil cu h\u00e2rtie de diferite l\u0103\u021bimi;<\/li>\n<li>Interfa\u021b\u0103 pentru lada de bani;<\/li>\n<li>Interfe\u021be de comunicare op\u021bionale.<\/li>\n<\/ol>\n<\/div>\n<div class=\"module-item module-item-2 tab-pane active in\" id=\"blocks-640732db64401-tab-2\">\n<div class=\"block-body expand-block\">\n<div class=\"block-wrapper\">\n<div class=\"block-content  block-attributes\">\n<div id=\"tab-specification\">\n<div class=\"table-responsive\">\n<table class=\"table table-bordered\">\n<thead>\n<tr>\n<td colspan=\"2\"><strong>Imprimant\u0103<\/strong><\/td>\n<\/tr>\n<\/thead>\n<tbody>\n<tr>\n<td>Tip imprimant\u0103<\/td>\n<td>Imprimant\u0103 POS<\/td>\n<\/tr>\n<tr>\n<td>Metoda de imprimare<\/td>\n<td>Termo direct (TD)<\/td>\n<\/tr>\n<tr>\n<td>Vitez\u0103 de imprimare (mm\/s)<\/td>\n<td>260<\/td>\n<\/tr>\n<tr>\n<td>Rezolu\u021bie imprimare (DPI)<\/td>\n<td>203<\/td>\n<\/tr>\n<tr>\n<td>Memorie<\/td>\n<td>4Mb Flash, 4Mb RAM<\/td>\n<\/tr>\n<tr>\n<td>Caracteristici consumabile<\/td>\n<td>80mm, diametru max. 83mm<\/td>\n<\/tr>\n<tr>\n<td>Zona imprimabil\u0103 (mm)<\/td>\n<td>72<\/td>\n<\/tr>\n<tr>\n<td>Coduri de bare suportate<\/td>\n<td>1D &#8211; UPC-A, UPC-E, EAN8, EAN13, CODE39, ITF, CODEBAR, CODE128, CODE93;<br \/>\n2D &#8211; PDF417, QR code<\/td>\n<\/tr>\n<tr>\n<td>Auto cutter<\/td>\n<td>+<\/td>\n<\/tr>\n<\/tbody>\n<thead>\n<tr>\n<td colspan=\"2\"><strong>Comunica\u0163ii f\u0103r\u0103 fir<\/strong><\/td>\n<\/tr>\n<\/thead>\n<tbody>\n<tr>\n<td>WiFi<\/td>\n<td>+<\/td>\n<\/tr>\n<\/tbody>\n<thead>\n<tr>\n<td colspan=\"2\"><strong>Interfe\u021be \u0219i porturi<\/strong><\/td>\n<\/tr>\n<\/thead>\n<tbody>\n<tr>\n<td>Interfe\u021be de conectare<\/td>\n<td>USB, RS232, Ethernet, Bluetooth (op\u021bional) sau Wi-Fi<\/td>\n<\/tr>\n<\/tbody>\n<thead>\n<tr>\n<td colspan=\"2\"><strong>Surs\u0103 de alimentare<\/strong><\/td>\n<\/tr>\n<\/thead>\n<tbody>\n<tr>\n<td>Adaptor AC\/DC<\/td>\n<td>Extern, 24V \/ 2,5A<\/td>\n<\/tr>\n<\/tbody>\n<thead>\n<tr>\n<td colspan=\"2\"><strong>Caracteristici generale<\/strong><\/td>\n<\/tr>\n<\/thead>\n<tbody>\n<tr>\n<td>Temperatura de operare (\u00b0C)<\/td>\n<td>0+45<\/td>\n<\/tr>\n<tr>\n<td>Umiditate (%)<\/td>\n<td>20-95<\/td>\n<\/tr>\n<tr>\n<td>Sistem de operare<\/td>\n<td>Windows XP \/ Vista \/ Win7 \/ Win8 \/ Win10<\/td>\n<\/tr>\n<tr>\n<td>Dimensiuni (mm)<\/td>\n<td>134.8x132x132<\/td>\n<\/tr>\n<tr>\n<td>Greutate (kg)<\/td>\n<td>1.37<\/td>\n<\/tr>\n<tr>\n<td>Setul con\u021bine<\/td>\n<td>Calu USB, Cablu RS232, Rol\u0103 cu h\u00e2rtie, Adaptor de alimentare, Cablu de alimentare, CD, Manual de utilizare<\/td>\n<\/tr>\n<\/tbody>\n<\/table>\n<\/div>\n<\/div>\n<\/div>\n<\/div>\n<\/div>\n<\/div>\n","protected":false},"excerpt":{"rendered":"<p>Model: Sprint WIFI<br \/>\nGarantie: 12 luni<br \/>\nEAN: 5943808033908<\/p>\n","protected":false},"featured_media":3840,"template":"","meta":[],"product_cat":[63],"product_tag":[],"_links":{"self":[{"href":"https:\/\/cademartech.ro\/index.php\/wp-json\/wp\/v2\/product\/3836"}],"collection":[{"href":"https:\/\/cademartech.ro\/index.php\/wp-json\/wp\/v2\/product"}],"about":[{"href":"https:\/\/cademartech.ro\/index.php\/wp-json\/wp\/v2\/types\/product"}],"wp:featuredmedia":[{"embeddable":true,"href":"https:\/\/cademartech.ro\/index.php\/wp-json\/wp\/v2\/media\/3840"}],"wp:attachment":[{"href":"https:\/\/cademartech.ro\/index.php\/wp-json\/wp\/v2\/media?parent=3836"}],"wp:term":[{"taxonomy":"product_cat","embeddable":true,"href":"https:\/\/cademartech.ro\/index.php\/wp-json\/wp\/v2\/product_cat?post=3836"},{"taxonomy":"product_tag","embeddable":true,"href":"https:\/\/cademartech.ro\/index.php\/wp-json\/wp\/v2\/product_tag?post=3836"}],"curies":[{"name":"wp","href":"https:\/\/api.w.org\/{rel}","templated":true}]}}