{"id":506,"date":"2020-02-07T18:06:47","date_gmt":"2020-02-07T18:06:47","guid":{"rendered":"https:\/\/cademartech.ro\/wordpress\/index.php\/produs\/casa-de-marcat-custom-big-plus\/"},"modified":"2020-02-08T16:44:55","modified_gmt":"2020-02-08T16:44:55","slug":"casa-de-marcat-custom-big-plus","status":"publish","type":"product","link":"https:\/\/cademartech.ro\/index.php\/produs\/casa-de-marcat-custom-big-plus\/","title":{"rendered":"Casa de marcat Custom Big Plus"},"content":{"rendered":"<ul class=\"ulpuntato\">\n<li>Tastatur\u0103 alfanumeric\u0103 integrat\u0103 cu 42 de taste<\/li>\n<li>LCD integrat pentru client \u0219i operator<\/li>\n<li>Imprimant\u0103 de 57 mm integrat\u0103 cu \u00eenc\u0103rcare u\u0219oar\u0103 a h\u00e2rtiei<\/li>\n<li>Jurnal electronic pe Micro SD 8 GB<\/li>\n<li>Dimensiuni: 248 mm x 246 mm x 100 mm<\/li>\n<li>Rapoarte fiscale, financiare, statistice \u0219i istorice<\/li>\n<li>Logo grafic la antec si la final de bon<\/li>\n<li>Coduri de bari 1D, 2D<\/li>\n<li>Crypto chip Infineon SLB9670 Common Criteria Part 3 conform EAL 4<\/li>\n<\/ul>\n<p>\u00a0<\/p>\n<p>\u00a0<\/p>\n<table style=\"font-weight: 400;\" width=\"908\">\n<tbody>\n<tr style=\"height: 37px;\">\n<td style=\"height: 37px;\" width=\"153\">\n<p><b><strong>Jurnal electronic<\/strong><\/b><\/p>\n<\/td>\n<td style=\"height: 37px;\" width=\"661\">\n<p>Micro SD 8GB\u00a0\u00a0pana la 2.000.000 de randuri (circa 500 de role de hartie)<\/p>\n<\/td>\n<\/tr>\n<tr style=\"height: 37px;\">\n<td style=\"height: 37px;\" width=\"153\">\n<p><b><strong>Tastatur\u0103<\/strong><\/b><\/p>\n<\/td>\n<td style=\"height: 37px;\" width=\"661\">\n<p>Tastatura alfanumerica integrata cu 42 de pozitii personalizabile<\/p>\n<\/td>\n<\/tr>\n<tr style=\"height: 63px;\">\n<td style=\"height: 63px;\" width=\"153\">\n<p><b><strong>Ecran<\/strong><\/b><\/p>\n<\/td>\n<td style=\"height: 63px;\" width=\"661\">\n<p>Display-uri pentru client si operator integrate LCD iluminat din spate cu<\/p>\n<p>albastru 2 randuri x 20 de caractere<\/p>\n<\/td>\n<\/tr>\n<tr style=\"height: 37px;\">\n<td style=\"height: 37px;\" width=\"153\">\n<p><b><strong>L\u0103<\/strong><\/b><b><strong>\u021b<\/strong><\/b><b><strong>imea h<\/strong><\/b><b><strong>\u00e2<\/strong><\/b><b><strong>rtiei<\/strong><\/b><\/p>\n<\/td>\n<td style=\"height: 37px;\" width=\"661\">\n<p>58mm<\/p>\n<\/td>\n<\/tr>\n<tr style=\"height: 37px;\">\n<td style=\"height: 37px;\" width=\"153\">\n<p><b><strong>Viteza de tip\u0103rire<\/strong><\/b><\/p>\n<\/td>\n<td style=\"height: 37px;\" width=\"661\">\n<p>90mm\/sec<\/p>\n<\/td>\n<\/tr>\n<tr style=\"height: 37px;\">\n<td style=\"height: 37px;\" width=\"153\">\n<p><b><strong>Interfe<\/strong><\/b><b><strong>\u021b<\/strong><\/b><b><strong>e<\/strong><\/b><\/p>\n<\/td>\n<td style=\"height: 37px;\" width=\"661\">\n<p>RS232, USB, Ethernet, 1 port dedicat sertarului (6 Volts)<\/p>\n<\/td>\n<\/tr>\n<tr style=\"height: 37px;\">\n<td style=\"height: 37px;\" width=\"153\">\n<p><b><strong>PLU<\/strong><\/b><\/p>\n<\/td>\n<td style=\"height: 37px;\" width=\"661\">\n<p>30 de departamente programabile, 30 direct de pe tastatura<\/p>\n<\/td>\n<\/tr>\n<tr style=\"height: 37px;\">\n<td style=\"height: 37px;\" width=\"153\">\n<p><b><strong>Elemente<\/strong><\/b><\/p>\n<\/td>\n<td style=\"height: 37px;\" width=\"661\">\n<p>10.000<\/p>\n<\/td>\n<\/tr>\n<tr style=\"height: 37px;\">\n<td style=\"height: 37px;\" width=\"153\">\n<p><b><strong>Clien<\/strong><\/b><b><strong>\u021b<\/strong><\/b><b><strong>i<\/strong><\/b><\/p>\n<\/td>\n<td style=\"height: 37px;\" width=\"661\">\n<p>50 de clienti cu credit si cu recuperarea acestuia<\/p>\n<\/td>\n<\/tr>\n<tr style=\"height: 37px;\">\n<td style=\"height: 37px;\" width=\"153\">\n<p><b><strong>Tipurile de plat\u0103<\/strong><\/b><\/p>\n<\/td>\n<td style=\"height: 37px;\" width=\"661\">\n<p>10<\/p>\n<\/td>\n<\/tr>\n<tr style=\"height: 37px;\">\n<td style=\"height: 37px;\" width=\"153\">\n<p><b><strong>Cote TVA<\/strong><\/b><\/p>\n<\/td>\n<td style=\"height: 37px;\" width=\"661\">\n<p>10<\/p>\n<\/td>\n<\/tr>\n<tr style=\"height: 37px;\">\n<td style=\"height: 37px;\" width=\"153\">\n<p><b><strong>Rapoarte<\/strong><\/b><\/p>\n<\/td>\n<td style=\"height: 37px;\" width=\"661\">\n<p>Fiscale, Financiare, departamente si articole<\/p>\n<\/td>\n<\/tr>\n<tr style=\"height: 37px;\">\n<td style=\"height: 37px;\" width=\"153\">\n<p><b><strong>Grafic\u0103<\/strong><\/b><\/p>\n<\/td>\n<td style=\"height: 37px;\" width=\"661\">\n<p>Logo-uri grafice la antet si la final de bon<\/p>\n<\/td>\n<\/tr>\n<tr style=\"height: 37px;\">\n<td style=\"height: 37px;\" width=\"153\">\n<p><b><strong>Protocoale<\/strong><\/b><\/p>\n<\/td>\n<td style=\"height: 37px;\" width=\"661\">\n<p>CUSTOM, CUSTOM DLL si XON\/XOFF; Crypto chip Infineon SLB9670 Common\u00a0\u00a0Criteria Part 3 conforme EAL4\u00a0<\/p>\n<\/td>\n<\/tr>\n<tr style=\"height: 37px;\">\n<td style=\"height: 37px;\" width=\"153\">\n<p><b><strong>Drivere<\/strong><\/b><\/p>\n<\/td>\n<td style=\"height: 37px;\" width=\"661\">\n<p>Windows, OPOS , JavaPOS, POS.net, Android<\/p>\n<\/td>\n<\/tr>\n<tr style=\"height: 37px;\">\n<td style=\"height: 37px;\" width=\"153\">\n<p><b><strong>Dimensiuni<\/strong><\/b><\/p>\n<\/td>\n<td style=\"height: 37px;\" width=\"661\">\n<p>248,7(L) x 100,3(H) x 245(W) mm<\/p>\n<\/td>\n<\/tr>\n<tr style=\"height: 37px;\">\n<td style=\"height: 37px;\" width=\"153\">\n<p><b><strong>Greutate<\/strong><\/b><\/p>\n<\/td>\n<td style=\"height: 37px;\" width=\"661\">\n<p>1,2 Kg<\/p>\n<\/td>\n<\/tr>\n<\/tbody>\n<\/table>\n","protected":false},"excerpt":{"rendered":"<p>Casa de marcat medie ce se potriveste oricarui magazin avand functii rapide, dar excelenta in modul de lucru cu calculatorul <\/p>\n","protected":false},"featured_media":640,"template":"","meta":[],"product_cat":[55],"product_tag":[],"_links":{"self":[{"href":"https:\/\/cademartech.ro\/index.php\/wp-json\/wp\/v2\/product\/506"}],"collection":[{"href":"https:\/\/cademartech.ro\/index.php\/wp-json\/wp\/v2\/product"}],"about":[{"href":"https:\/\/cademartech.ro\/index.php\/wp-json\/wp\/v2\/types\/product"}],"wp:featuredmedia":[{"embeddable":true,"href":"https:\/\/cademartech.ro\/index.php\/wp-json\/wp\/v2\/media\/640"}],"wp:attachment":[{"href":"https:\/\/cademartech.ro\/index.php\/wp-json\/wp\/v2\/media?parent=506"}],"wp:term":[{"taxonomy":"product_cat","embeddable":true,"href":"https:\/\/cademartech.ro\/index.php\/wp-json\/wp\/v2\/product_cat?post=506"},{"taxonomy":"product_tag","embeddable":true,"href":"https:\/\/cademartech.ro\/index.php\/wp-json\/wp\/v2\/product_tag?post=506"}],"curies":[{"name":"wp","href":"https:\/\/api.w.org\/{rel}","templated":true}]}}