{"id":513,"date":"2020-02-07T18:06:50","date_gmt":"2020-02-07T18:06:50","guid":{"rendered":"https:\/\/cademartech.ro\/wordpress\/index.php\/produs\/scanner-motorola-symbol-ls4278-wireless\/"},"modified":"2020-02-21T14:06:41","modified_gmt":"2020-02-21T14:06:41","slug":"scanner-motorola-symbol-ls4278-wireless","status":"publish","type":"product","link":"https:\/\/cademartech.ro\/index.php\/produs\/scanner-motorola-symbol-ls4278-wireless\/","title":{"rendered":"Scanner Motorola Symbol LS4278 wireless"},"content":{"rendered":"<p>Scannerul wireless Motorola Symbol LS4278 a fost proiectat f\u0103r\u0103 fir pentru o mobilitate crescut\u0103 \u0219i utilizare comod\u0103. Este dedicat \u00een special spa\u021biilor mai largi, de exemplu depozite, unde operatorul face mi\u0219c\u0103ri ample \u0219i parcurge distan\u021be mai mari pentru a scanna o mare cantitate de marf\u0103, ambalat\u0103 sub diverse forme \u0219i dimensiuni. Con\u021bine acumular intern nou, iar tranferul de date se face prin tehnologie bluetooth.<\/p>\n","protected":false},"excerpt":{"rendered":"<p>Scanner wireless, f\u0103r\u0103 fir, pentru citire coduri de bare \u00een depozite (produs recondi\u021bionat)<\/p>\n","protected":false},"featured_media":1037,"template":"","meta":[],"product_cat":[59],"product_tag":[],"_links":{"self":[{"href":"https:\/\/cademartech.ro\/index.php\/wp-json\/wp\/v2\/product\/513"}],"collection":[{"href":"https:\/\/cademartech.ro\/index.php\/wp-json\/wp\/v2\/product"}],"about":[{"href":"https:\/\/cademartech.ro\/index.php\/wp-json\/wp\/v2\/types\/product"}],"wp:featuredmedia":[{"embeddable":true,"href":"https:\/\/cademartech.ro\/index.php\/wp-json\/wp\/v2\/media\/1037"}],"wp:attachment":[{"href":"https:\/\/cademartech.ro\/index.php\/wp-json\/wp\/v2\/media?parent=513"}],"wp:term":[{"taxonomy":"product_cat","embeddable":true,"href":"https:\/\/cademartech.ro\/index.php\/wp-json\/wp\/v2\/product_cat?post=513"},{"taxonomy":"product_tag","embeddable":true,"href":"https:\/\/cademartech.ro\/index.php\/wp-json\/wp\/v2\/product_tag?post=513"}],"curies":[{"name":"wp","href":"https:\/\/api.w.org\/{rel}","templated":true}]}}